{"id":822,"date":"2023-04-24T12:02:35","date_gmt":"2023-04-24T10:02:35","guid":{"rendered":"https:\/\/draussen.it\/editoriale\/"},"modified":"2023-11-24T10:46:02","modified_gmt":"2023-11-24T09:46:02","slug":"editoriale","status":"publish","type":"page","link":"https:\/\/draussen.it\/it\/editoriale\/","title":{"rendered":"Editoriale"},"content":{"rendered":"[vc_row type=&#8221;in_container&#8221; full_screen_row_position=&#8221;middle&#8221; column_margin=&#8221;default&#8221; column_direction=&#8221;default&#8221; column_direction_tablet=&#8221;default&#8221; column_direction_phone=&#8221;default&#8221; scene_position=&#8221;center&#8221; text_color=&#8221;dark&#8221; text_align=&#8221;left&#8221; row_border_radius=&#8221;none&#8221; row_border_radius_applies=&#8221;bg&#8221; overflow=&#8221;visible&#8221; overlay_strength=&#8221;0.3&#8243; gradient_direction=&#8221;left_to_right&#8221; shape_divider_position=&#8221;bottom&#8221; bg_image_animation=&#8221;none&#8221;][vc_column column_padding=&#8221;no-extra-padding&#8221; column_padding_tablet=&#8221;inherit&#8221; column_padding_phone=&#8221;inherit&#8221; column_padding_position=&#8221;all&#8221; column_element_direction_desktop=&#8221;default&#8221; column_element_spacing=&#8221;default&#8221; desktop_text_alignment=&#8221;default&#8221; tablet_text_alignment=&#8221;default&#8221; phone_text_alignment=&#8221;default&#8221; background_color_opacity=&#8221;1&#8243; background_hover_color_opacity=&#8221;1&#8243; column_backdrop_filter=&#8221;none&#8221; column_shadow=&#8221;none&#8221; column_border_radius=&#8221;none&#8221; column_link_target=&#8221;_self&#8221; column_position=&#8221;default&#8221; gradient_direction=&#8221;left_to_right&#8221; overlay_strength=&#8221;0.3&#8243; width=&#8221;1\/1&#8243; tablet_width_inherit=&#8221;default&#8221; animation_type=&#8221;default&#8221; bg_image_animation=&#8221;none&#8221; border_type=&#8221;simple&#8221; column_border_width=&#8221;none&#8221; column_border_style=&#8221;solid&#8221;][divider line_type=&#8221;No Line&#8221; custom_height=&#8221;50&#8243;][vc_column_text]\n<h2>Editoriale<\/h2>\n<p>Responsabile dei contenuti e della redazione:<\/p>\n<p class=\"p1\"><strong>Drau\u00dfen<\/strong><br \/>\nGioco. Fitness. Pianificazione.<\/p>\n<p class=\"p1\">Aignerweg 1,<br \/>\nI\u201339015 San Leonardo in Passiria<\/p>\n<p class=\"p1\">Tel.\/Fax: <a href=\"tel:+393351526183\">+ 39 335 1526183<\/a><br \/>\nE-Mail: <a href=\"mailto:info@draussen.it\">info@draussen.it<\/a><\/p>\n<p><strong>Nota sul collegio arbitrale dei consumatori online<\/strong><br \/>\nInformazioni obbligatorie secondo il Regolamento UE n. 524\/2013 del Parlamento europeo e del Consiglio<br \/>\nPiattaforma per la risoluzione online delle controversie dei consumatori (ODR) della Commissione europea: http:\/\/ec.europa.eu\/consumers\/odr\/<\/p>\n<p><strong>Webdesign<br \/>\n<\/strong>Vera Schwarz <a href=\"https:\/\/www.veraschwarz.com\/\" target=\"_blank\" rel=\"noopener\">www.veraschwarz.com<\/a><\/p>\n<p><strong>Programmazione e web hosting<\/strong><br \/>\n<a href=\"https:\/\/fahrner.it\/\" target=\"_blank\" rel=\"noopener\">fahrner | web . grafik \u2013 www.fahrner.it<\/a><\/p>\n<p><strong>Materiale fotografico<br \/>\n<\/strong>Kenguru Pro, Obra Design, Streetbarbell, Colmex, Drau\u00dfen<strong><br \/>\n<\/strong><\/p>\n<p><strong>1. contenuto dell&#8217;offerta online<\/strong><\/p>\n<p>Ci impegniamo a fornire informazioni corrette e complete su questo sito web. Tuttavia, non ci assumiamo alcuna responsabilit\u00e0 o garanzia per l&#8217;attualit\u00e0, la correttezza e la completezza delle informazioni fornite. Ci riserviamo il diritto di apportare modifiche o aggiunte alle informazioni fornite senza preavviso.<\/p>\n<p><strong>2. riferimenti e link<\/strong><\/p>\n<p>Nonostante l&#8217;attento controllo dei contenuti, non ci assumiamo alcuna responsabilit\u00e0 per il contenuto dei link esterni. I gestori delle pagine collegate sono gli unici responsabili del loro contenuto.<\/p>\n<p><strong>3. copyright (diritto d&#8217;autore e di etichettatura)<\/strong><\/p>\n<p>Il contenuto di questo sito web \u00e8 protetto da copyright. La riproduzione o l&#8217;utilizzo in altre pubblicazioni elettroniche o stampate non \u00e8 consentita senza il nostro esplicito consenso.<\/p>\n<p><strong>4. protezione dei dati<\/strong><\/p>\n<p>Ai sensi della legge del 31 dicembre 1996 n. 675 &#8220;Privacy&#8221; artt. 10 e 13<br \/>\nRichiesta, correzione e\/o cancellazione (ad eccezione dei dati commerciali) dei dati personali tramite info@draussen.it per maggiori informazioni vedere qui &gt;<\/p>\n<p>Si pu\u00f2 sempre navigare in modo anonimo. Quando vi registrate per un servizio, vi chiediamo il vostro nome e altre informazioni personali. La decisione di inserire questi dati spetta a voi.<\/p>\n<p>I dati registrati vengono memorizzati sui nostri server protetti e tramite Google Analytics e utilizzati internamente.<\/p>\n<p>I cookie (file di testo memorizzati localmente dal browser) ci aiutano a ottimizzare il nostro sito web in base alle vostre esigenze e ai vostri desideri. I dati personali vengono pertanto memorizzati solo su esplicita richiesta dell&#8217;utente (ad esempio, per i moduli o i login).<\/p>\n<p>I file di log (parametri di accesso alle pagine) vengono da noi valutati statisticamente per analizzare le tendenze.<\/p>\n<p><strong>5. efficacia legale<\/strong><\/p>\n<p>Se sezioni o singoli termini di questa dichiarazione non sono legali o corretti, il contenuto o la validit\u00e0 delle altre parti non sono influenzati da questo fatto. L&#8217;utilizzo del sito web non comporta alcun contratto o diritto. Le controversie legali saranno risolte presso il tribunale di nostra competenza.<\/p>\n<p><strong>Esclusione di responsabilit\u00e0:<\/strong><\/p>\n<p>Da questo sito web, i link conducono a siti esterni che sono gestiti, pubblicati, operati o emessi da operatori esterni.<br \/>\nQueste pagine non rientrano nella sfera di influenza di Drau\u00dfen \u2013 Gioco. Fitness. Pianificazione. (di seguito denominato &#8220;Io&#8221;). Pertanto, non posso assumermi alcuna garanzia o responsabilit\u00e0 per il loro contenuto. Gli operatori di questi siti web sono gli unici responsabili del loro contenuto.<br \/>\nAl momento della creazione dei link, le pagine esterne collegate non presentavano contenuti illegali evidenti.<br \/>\nLa mia opinione pu\u00f2 differire dalle opinioni espresse sui siti esterni.<br \/>\nQuesto sito web viene aggiornato regolarmente. Tuttavia, non posso garantire l&#8217;accuratezza, la legalit\u00e0, la tempestivit\u00e0, la completezza e la disponibilit\u00e0 delle informazioni o dei dati.[\/vc_column_text][\/vc_column][\/vc_row]\n","protected":false},"excerpt":{"rendered":"<p>[vc_row type=&#8221;in_container&#8221; full_screen_row_position=&#8221;middle&#8221; column_margin=&#8221;default&#8221; column_direction=&#8221;default&#8221; column_direction_tablet=&#8221;default&#8221; column_direction_phone=&#8221;default&#8221; scene_position=&#8221;center&#8221; text_color=&#8221;dark&#8221; text_align=&#8221;left&#8221; row_border_radius=&#8221;none&#8221; row_border_radius_applies=&#8221;bg&#8221; overflow=&#8221;visible&#8221; overlay_strength=&#8221;0.3&#8243; gradient_direction=&#8221;left_to_right&#8221; shape_divider_position=&#8221;bottom&#8221; bg_image_animation=&#8221;none&#8221;][vc_column column_padding=&#8221;no-extra-padding&#8221; column_padding_tablet=&#8221;inherit&#8221; column_padding_phone=&#8221;inherit&#8221; column_padding_position=&#8221;all&#8221; column_element_direction_desktop=&#8221;default&#8221; column_element_spacing=&#8221;default&#8221; desktop_text_alignment=&#8221;default&#8221; tablet_text_alignment=&#8221;default&#8221; phone_text_alignment=&#8221;default&#8221; background_color_opacity=&#8221;1&#8243; background_hover_color_opacity=&#8221;1&#8243; column_backdrop_filter=&#8221;none&#8221; column_shadow=&#8221;none&#8221;&#8230;<\/p>\n","protected":false},"author":2,"featured_media":0,"parent":0,"menu_order":13,"comment_status":"closed","ping_status":"closed","template":"","meta":{"footnotes":""},"class_list":["post-822","page","type-page","status-publish"],"yoast_head":"<!-- This site is optimized with the Yoast SEO plugin v26.0 - https:\/\/yoast.com\/wordpress\/plugins\/seo\/ -->\n<title>Editoriale - Drau\u00dfen Spiel. Fitness. Planung<\/title>\n<meta name=\"robots\" content=\"index, follow, max-snippet:-1, max-image-preview:large, max-video-preview:-1\" \/>\n<link rel=\"canonical\" href=\"https:\/\/draussen.it\/it\/editoriale\/\" \/>\n<meta property=\"og:locale\" content=\"it_IT\" \/>\n<meta property=\"og:type\" content=\"article\" \/>\n<meta property=\"og:title\" content=\"Editoriale - Drau\u00dfen Spiel. Fitness. Planung\" \/>\n<meta property=\"og:description\" content=\"[vc_row type=&#8221;in_container&#8221; full_screen_row_position=&#8221;middle&#8221; column_margin=&#8221;default&#8221; column_direction=&#8221;default&#8221; column_direction_tablet=&#8221;default&#8221; column_direction_phone=&#8221;default&#8221; scene_position=&#8221;center&#8221; text_color=&#8221;dark&#8221; text_align=&#8221;left&#8221; row_border_radius=&#8221;none&#8221; row_border_radius_applies=&#8221;bg&#8221; overflow=&#8221;visible&#8221; overlay_strength=&#8221;0.3&#8243; gradient_direction=&#8221;left_to_right&#8221; shape_divider_position=&#8221;bottom&#8221; bg_image_animation=&#8221;none&#8221;][vc_column column_padding=&#8221;no-extra-padding&#8221; column_padding_tablet=&#8221;inherit&#8221; column_padding_phone=&#8221;inherit&#8221; column_padding_position=&#8221;all&#8221; column_element_direction_desktop=&#8221;default&#8221; column_element_spacing=&#8221;default&#8221; desktop_text_alignment=&#8221;default&#8221; tablet_text_alignment=&#8221;default&#8221; phone_text_alignment=&#8221;default&#8221; background_color_opacity=&#8221;1&#8243; background_hover_color_opacity=&#8221;1&#8243; column_backdrop_filter=&#8221;none&#8221; column_shadow=&#8221;none&#8221;...\" \/>\n<meta property=\"og:url\" content=\"https:\/\/draussen.it\/it\/editoriale\/\" \/>\n<meta property=\"og:site_name\" content=\"Drau\u00dfen Spiel. Fitness. Planung\" \/>\n<meta property=\"article:publisher\" content=\"https:\/\/www.facebook.com\/draussen.play\" \/>\n<meta property=\"article:modified_time\" content=\"2023-11-24T09:46:02+00:00\" \/>\n<meta property=\"og:image\" content=\"https:\/\/draussen.it\/wordpress\/wp-content\/uploads\/2023\/04\/Logo_2.png\" \/>\n\t<meta property=\"og:image:width\" content=\"500\" \/>\n\t<meta property=\"og:image:height\" content=\"358\" \/>\n\t<meta property=\"og:image:type\" content=\"image\/png\" \/>\n<meta name=\"twitter:card\" content=\"summary_large_image\" \/>\n<meta name=\"twitter:label1\" content=\"Tempo di lettura stimato\" \/>\n\t<meta name=\"twitter:data1\" content=\"3 minuti\" \/>\n<script type=\"application\/ld+json\" class=\"yoast-schema-graph\">{\"@context\":\"https:\/\/schema.org\",\"@graph\":[{\"@type\":\"WebPage\",\"@id\":\"https:\/\/draussen.it\/it\/editoriale\/\",\"url\":\"https:\/\/draussen.it\/it\/editoriale\/\",\"name\":\"Editoriale - Drau\u00dfen Spiel. Fitness. Planung\",\"isPartOf\":{\"@id\":\"https:\/\/draussen.it\/#website\"},\"datePublished\":\"2023-04-24T10:02:35+00:00\",\"dateModified\":\"2023-11-24T09:46:02+00:00\",\"breadcrumb\":{\"@id\":\"https:\/\/draussen.it\/it\/editoriale\/#breadcrumb\"},\"inLanguage\":\"it-IT\",\"potentialAction\":[{\"@type\":\"ReadAction\",\"target\":[\"https:\/\/draussen.it\/it\/editoriale\/\"]}]},{\"@type\":\"BreadcrumbList\",\"@id\":\"https:\/\/draussen.it\/it\/editoriale\/#breadcrumb\",\"itemListElement\":[{\"@type\":\"ListItem\",\"position\":1,\"name\":\"Startseite\",\"item\":\"https:\/\/draussen.it\/it\/homepage\/\"},{\"@type\":\"ListItem\",\"position\":2,\"name\":\"Editoriale\"}]},{\"@type\":\"WebSite\",\"@id\":\"https:\/\/draussen.it\/#website\",\"url\":\"https:\/\/draussen.it\/\",\"name\":\"Drau\u00dfen Spiel. Fitness. Planung.\",\"description\":\"Outdoor Spielplatzbau und Spielplatzgestaltung in S\u00fcdtirol\",\"publisher\":{\"@id\":\"https:\/\/draussen.it\/#organization\"},\"alternateName\":\"Drau\u00dfen Spielplatz Gestaltung S\u00fcdtirol\",\"potentialAction\":[{\"@type\":\"SearchAction\",\"target\":{\"@type\":\"EntryPoint\",\"urlTemplate\":\"https:\/\/draussen.it\/?s={search_term_string}\"},\"query-input\":{\"@type\":\"PropertyValueSpecification\",\"valueRequired\":true,\"valueName\":\"search_term_string\"}}],\"inLanguage\":\"it-IT\"},{\"@type\":\"Organization\",\"@id\":\"https:\/\/draussen.it\/#organization\",\"name\":\"Drau\u00dfen Spiel. Fitness. Planung.\",\"url\":\"https:\/\/draussen.it\/\",\"logo\":{\"@type\":\"ImageObject\",\"inLanguage\":\"it-IT\",\"@id\":\"https:\/\/draussen.it\/#\/schema\/logo\/image\/\",\"url\":\"https:\/\/draussen.it\/wordpress\/wp-content\/uploads\/2023\/04\/Logo_1.png\",\"contentUrl\":\"https:\/\/draussen.it\/wordpress\/wp-content\/uploads\/2023\/04\/Logo_1.png\",\"width\":1000,\"height\":715,\"caption\":\"Drau\u00dfen Spiel. Fitness. Planung.\"},\"image\":{\"@id\":\"https:\/\/draussen.it\/#\/schema\/logo\/image\/\"},\"sameAs\":[\"https:\/\/www.facebook.com\/draussen.play\",\"https:\/\/www.instagram.com\/draussen.play\/\"]}]}<\/script>\n<!-- \/ Yoast SEO plugin. -->","yoast_head_json":{"title":"Editoriale - Drau\u00dfen Spiel. Fitness. Planung","robots":{"index":"index","follow":"follow","max-snippet":"max-snippet:-1","max-image-preview":"max-image-preview:large","max-video-preview":"max-video-preview:-1"},"canonical":"https:\/\/draussen.it\/it\/editoriale\/","og_locale":"it_IT","og_type":"article","og_title":"Editoriale - Drau\u00dfen Spiel. Fitness. Planung","og_description":"[vc_row type=&#8221;in_container&#8221; full_screen_row_position=&#8221;middle&#8221; column_margin=&#8221;default&#8221; column_direction=&#8221;default&#8221; column_direction_tablet=&#8221;default&#8221; column_direction_phone=&#8221;default&#8221; scene_position=&#8221;center&#8221; text_color=&#8221;dark&#8221; text_align=&#8221;left&#8221; row_border_radius=&#8221;none&#8221; row_border_radius_applies=&#8221;bg&#8221; overflow=&#8221;visible&#8221; overlay_strength=&#8221;0.3&#8243; gradient_direction=&#8221;left_to_right&#8221; shape_divider_position=&#8221;bottom&#8221; bg_image_animation=&#8221;none&#8221;][vc_column column_padding=&#8221;no-extra-padding&#8221; column_padding_tablet=&#8221;inherit&#8221; column_padding_phone=&#8221;inherit&#8221; column_padding_position=&#8221;all&#8221; column_element_direction_desktop=&#8221;default&#8221; column_element_spacing=&#8221;default&#8221; desktop_text_alignment=&#8221;default&#8221; tablet_text_alignment=&#8221;default&#8221; phone_text_alignment=&#8221;default&#8221; background_color_opacity=&#8221;1&#8243; background_hover_color_opacity=&#8221;1&#8243; column_backdrop_filter=&#8221;none&#8221; column_shadow=&#8221;none&#8221;...","og_url":"https:\/\/draussen.it\/it\/editoriale\/","og_site_name":"Drau\u00dfen Spiel. Fitness. Planung","article_publisher":"https:\/\/www.facebook.com\/draussen.play","article_modified_time":"2023-11-24T09:46:02+00:00","og_image":[{"width":500,"height":358,"url":"https:\/\/draussen.it\/wordpress\/wp-content\/uploads\/2023\/04\/Logo_2.png","type":"image\/png"}],"twitter_card":"summary_large_image","twitter_misc":{"Tempo di lettura stimato":"3 minuti"},"schema":{"@context":"https:\/\/schema.org","@graph":[{"@type":"WebPage","@id":"https:\/\/draussen.it\/it\/editoriale\/","url":"https:\/\/draussen.it\/it\/editoriale\/","name":"Editoriale - Drau\u00dfen Spiel. Fitness. Planung","isPartOf":{"@id":"https:\/\/draussen.it\/#website"},"datePublished":"2023-04-24T10:02:35+00:00","dateModified":"2023-11-24T09:46:02+00:00","breadcrumb":{"@id":"https:\/\/draussen.it\/it\/editoriale\/#breadcrumb"},"inLanguage":"it-IT","potentialAction":[{"@type":"ReadAction","target":["https:\/\/draussen.it\/it\/editoriale\/"]}]},{"@type":"BreadcrumbList","@id":"https:\/\/draussen.it\/it\/editoriale\/#breadcrumb","itemListElement":[{"@type":"ListItem","position":1,"name":"Startseite","item":"https:\/\/draussen.it\/it\/homepage\/"},{"@type":"ListItem","position":2,"name":"Editoriale"}]},{"@type":"WebSite","@id":"https:\/\/draussen.it\/#website","url":"https:\/\/draussen.it\/","name":"Drau\u00dfen Spiel. Fitness. Planung.","description":"Outdoor Spielplatzbau und Spielplatzgestaltung in S\u00fcdtirol","publisher":{"@id":"https:\/\/draussen.it\/#organization"},"alternateName":"Drau\u00dfen Spielplatz Gestaltung S\u00fcdtirol","potentialAction":[{"@type":"SearchAction","target":{"@type":"EntryPoint","urlTemplate":"https:\/\/draussen.it\/?s={search_term_string}"},"query-input":{"@type":"PropertyValueSpecification","valueRequired":true,"valueName":"search_term_string"}}],"inLanguage":"it-IT"},{"@type":"Organization","@id":"https:\/\/draussen.it\/#organization","name":"Drau\u00dfen Spiel. Fitness. Planung.","url":"https:\/\/draussen.it\/","logo":{"@type":"ImageObject","inLanguage":"it-IT","@id":"https:\/\/draussen.it\/#\/schema\/logo\/image\/","url":"https:\/\/draussen.it\/wordpress\/wp-content\/uploads\/2023\/04\/Logo_1.png","contentUrl":"https:\/\/draussen.it\/wordpress\/wp-content\/uploads\/2023\/04\/Logo_1.png","width":1000,"height":715,"caption":"Drau\u00dfen Spiel. Fitness. Planung."},"image":{"@id":"https:\/\/draussen.it\/#\/schema\/logo\/image\/"},"sameAs":["https:\/\/www.facebook.com\/draussen.play","https:\/\/www.instagram.com\/draussen.play\/"]}]}},"_links":{"self":[{"href":"https:\/\/draussen.it\/it\/wp-json\/wp\/v2\/pages\/822","targetHints":{"allow":["GET"]}}],"collection":[{"href":"https:\/\/draussen.it\/it\/wp-json\/wp\/v2\/pages"}],"about":[{"href":"https:\/\/draussen.it\/it\/wp-json\/wp\/v2\/types\/page"}],"author":[{"embeddable":true,"href":"https:\/\/draussen.it\/it\/wp-json\/wp\/v2\/users\/2"}],"replies":[{"embeddable":true,"href":"https:\/\/draussen.it\/it\/wp-json\/wp\/v2\/comments?post=822"}],"version-history":[{"count":2,"href":"https:\/\/draussen.it\/it\/wp-json\/wp\/v2\/pages\/822\/revisions"}],"predecessor-version":[{"id":824,"href":"https:\/\/draussen.it\/it\/wp-json\/wp\/v2\/pages\/822\/revisions\/824"}],"wp:attachment":[{"href":"https:\/\/draussen.it\/it\/wp-json\/wp\/v2\/media?parent=822"}],"curies":[{"name":"wp","href":"https:\/\/api.w.org\/{rel}","templated":true}]}}